{"id":2004,"date":"2025-06-29T13:28:51","date_gmt":"2025-06-29T12:28:51","guid":{"rendered":"https:\/\/raidaventure.projets-sh.enssat.fr\/?page_id=2004"},"modified":"2025-06-29T13:36:57","modified_gmt":"2025-06-29T12:36:57","slug":"2004-2","status":"publish","type":"page","link":"https:\/\/raidaventure.projets-sh.enssat.fr\/","title":{"rendered":"ENSSAT RAID AVENTURE"},"content":{"rendered":"\n<blockquote class=\"wp-block-quote is-layout-flow wp-block-quote-is-layout-flow\">\n<p>Apr\u00e8s plusieurs \u00e9ditions, l&rsquo;ENSSAT RAID Aventure s&rsquo;arr\u00eate.<\/p>\n\n\n\n<p>Nous tenons \u00e0 exprimer notre profonde gratitude \u00e0 tous ceux qui ont contribu\u00e9 au succ\u00e8s de cet \u00e9v\u00e9nement : participants, b\u00e9n\u00e9voles, sponsors et partenaires.<\/p>\n\n\n\n<p>Merci pour votre soutien et les souvenirs partag\u00e9s.<\/p>\n<\/blockquote>\n\n\n\n<figure class=\"wp-block-image size-full\"><a href=\"https:\/\/raidaventure.projets-sh.enssat.fr\/wp-content\/uploads\/2025\/05\/logo-RAID-2023.png\"><img loading=\"lazy\" decoding=\"async\" width=\"686\" height=\"500\" src=\"https:\/\/raidaventure.projets-sh.enssat.fr\/wp-content\/uploads\/2025\/05\/logo-RAID-2023.png\" alt=\"\" class=\"wp-image-1992\" srcset=\"https:\/\/raidaventure.projets-sh.enssat.fr\/wp-content\/uploads\/2025\/05\/logo-RAID-2023.png 686w, https:\/\/raidaventure.projets-sh.enssat.fr\/wp-content\/uploads\/2025\/05\/logo-RAID-2023-300x219.png 300w\" sizes=\"auto, (max-width: 686px) 100vw, 686px\" \/><\/a><\/figure>\n","protected":false},"excerpt":{"rendered":"<p>Apr\u00e8s plusieurs \u00e9ditions, l&rsquo;ENSSAT RAID Aventure s&rsquo;arr\u00eate. Nous tenons \u00e0 exprimer notre profonde gratitude \u00e0 tous ceux qui ont contribu\u00e9 au succ\u00e8s de cet \u00e9v\u00e9nement : participants, b\u00e9n\u00e9voles, sponsors et partenaires. Merci pour votre soutien et les souvenirs partag\u00e9s.<\/p>\n","protected":false},"author":29,"featured_media":0,"parent":0,"menu_order":0,"comment_status":"closed","ping_status":"closed","template":"","meta":{"footnotes":""},"class_list":["post-2004","page","type-page","status-publish","hentry"],"_links":{"self":[{"href":"https:\/\/raidaventure.projets-sh.enssat.fr\/index.php?rest_route=\/wp\/v2\/pages\/2004","targetHints":{"allow":["GET"]}}],"collection":[{"href":"https:\/\/raidaventure.projets-sh.enssat.fr\/index.php?rest_route=\/wp\/v2\/pages"}],"about":[{"href":"https:\/\/raidaventure.projets-sh.enssat.fr\/index.php?rest_route=\/wp\/v2\/types\/page"}],"author":[{"embeddable":true,"href":"https:\/\/raidaventure.projets-sh.enssat.fr\/index.php?rest_route=\/wp\/v2\/users\/29"}],"replies":[{"embeddable":true,"href":"https:\/\/raidaventure.projets-sh.enssat.fr\/index.php?rest_route=%2Fwp%2Fv2%2Fcomments&post=2004"}],"version-history":[{"count":4,"href":"https:\/\/raidaventure.projets-sh.enssat.fr\/index.php?rest_route=\/wp\/v2\/pages\/2004\/revisions"}],"predecessor-version":[{"id":2010,"href":"https:\/\/raidaventure.projets-sh.enssat.fr\/index.php?rest_route=\/wp\/v2\/pages\/2004\/revisions\/2010"}],"wp:attachment":[{"href":"https:\/\/raidaventure.projets-sh.enssat.fr\/index.php?rest_route=%2Fwp%2Fv2%2Fmedia&parent=2004"}],"curies":[{"name":"wp","href":"https:\/\/api.w.org\/{rel}","templated":true}]}}